{"id":2415,"date":"2022-03-28T19:29:59","date_gmt":"2022-03-28T17:29:59","guid":{"rendered":"https:\/\/thomaseverlund.com\/kontakt\/"},"modified":"2024-08-07T14:57:55","modified_gmt":"2024-08-07T12:57:55","slug":"contact","status":"publish","type":"page","link":"https:\/\/thomaseverlund.com\/en\/contact\/","title":{"rendered":"Contact"},"content":{"rendered":"<div class=\"gb-container gb-container-e5845038\"><div class=\"gb-inside-container\">\n<div class=\"gb-grid-wrapper gb-grid-wrapper-50065fac\">\n<div class=\"gb-grid-column gb-grid-column-72ce5609\"><div class=\"gb-container gb-container-72ce5609\"><div class=\"gb-inside-container\">\n\n<h4 class=\"gb-headline gb-headline-1e6db73a gb-headline-text\">Contact<\/h4>\n\n\n\n<p class=\"gb-headline gb-headline-76393788\"><span class=\"gb-icon\"><svg xmlns=\"http:\/\/www.w3.org\/2000\/svg\" viewBox=\"0 0 278.567 278.567\" style=\"enable-background:new 0 0 278.567 278.567\" xml:space=\"preserve\"><path d=\"m271.245 212.376-42.426-42.426c-9.747-9.748-25.608-9.747-35.355 0l-5.604 5.604a22.773 22.773 0 0 1-16.21 6.715 22.773 22.773 0 0 1-16.21-6.715l-52.432-52.433a22.773 22.773 0 0 1-6.715-16.21c0-6.124 2.385-11.88 6.715-16.21l5.604-5.604c9.748-9.747 9.748-25.608 0-35.355L66.184 7.316c-9.747-9.748-25.608-9.748-35.355 0-35.842 35.841-41.047 92.195-12.378 133.996C50.52 188.071 90.49 228.04 137.248 260.109a104.985 104.985 0 0 0 59.508 18.452c27.162-.001 54.135-10.476 74.488-30.829 4.722-4.722 7.323-11 7.323-17.678s-2.6-12.956-7.322-17.678zM43.557 20.042c1.322-1.321 3.08-2.049 4.95-2.049s3.628.728 4.95 2.05l42.426 42.426c1.322 1.322 2.05 3.08 2.05 4.95s-.728 3.627-2.05 4.95l-2.525 2.525-52.27-52.27a89.44 89.44 0 0 1 2.469-2.582zm103.872 225.223c-44.923-30.811-83.323-69.211-114.134-114.134-19.572-28.537-20.084-65.246-3.069-93.912l52.046 52.046c-2.603 5.44-3.981 11.437-3.981 17.646 0 10.932 4.257 21.209 11.987 28.938l52.432 52.432c7.73 7.73 18.007 11.987 28.938 11.987 6.209 0 12.206-1.377 17.646-3.981l52.047 52.047c-28.665 17.015-65.374 16.504-93.912-3.069zm111.088-10.262a88.012 88.012 0 0 1-2.581 2.469l-52.27-52.27 2.525-2.525c1.322-1.322 3.08-2.05 4.95-2.05s3.628.728 4.95 2.05l42.426 42.426c2.729 2.729 2.729 7.171 0 9.9z\"><\/path><\/svg><\/span><span class=\"gb-headline-text\"><a href=\"tel:+46 70 428 35 07\">+46 70 428 35 07<\/a> <\/span><\/p>\n\n\n\n<p class=\"gb-headline gb-headline-94cb7555\"><span class=\"gb-icon\"><svg aria-hidden=\"true\" role=\"img\" height=\"1em\" width=\"1em\" viewBox=\"0 0 512 512\" xmlns=\"http:\/\/www.w3.org\/2000\/svg\"><path fill=\"currentColor\" d=\"M464 64H48C21.49 64 0 85.49 0 112v288c0 26.51 21.49 48 48 48h416c26.51 0 48-21.49 48-48V112c0-26.51-21.49-48-48-48zm0 48v40.805c-22.422 18.259-58.168 46.651-134.587 106.49-16.841 13.247-50.201 45.072-73.413 44.701-23.208.375-56.579-31.459-73.413-44.701C106.18 199.465 70.425 171.067 48 152.805V112h416zM48 400V214.398c22.914 18.251 55.409 43.862 104.938 82.646 21.857 17.205 60.134 55.186 103.062 54.955 42.717.231 80.509-37.199 103.053-54.947 49.528-38.783 82.032-64.401 104.947-82.653V400H48z\"><\/path><\/svg><\/span><span class=\"gb-headline-text\"><a href=\"mailto:info@thomaseverlund.com\">info@thomaseverlund.com<\/a><\/span><\/p>\n\n<\/div><\/div><\/div>\n\n<div class=\"gb-grid-column gb-grid-column-9ac799b8\"><div class=\"gb-container gb-container-9ac799b8\"><div class=\"gb-inside-container\">\n\n<h4 class=\"gb-headline gb-headline-fbbb6219 gb-headline-text\">Address and opening hours<\/h4>\n\n\n\n<p class=\"gb-headline gb-headline-e5fa2984\"><span class=\"gb-icon\"><svg aria-hidden=\"true\" role=\"img\" height=\"1em\" width=\"1em\" viewBox=\"0 0 384 512\" xmlns=\"http:\/\/www.w3.org\/2000\/svg\"><path fill=\"currentColor\" d=\"M172.268 501.67C26.97 291.031 0 269.413 0 192 0 85.961 85.961 0 192 0s192 85.961 192 192c0 77.413-26.97 99.031-172.268 309.67-9.535 13.774-29.93 13.773-39.464 0zM192 272c44.183 0 80-35.817 80-80s-35.817-80-80-80-80 35.817-80 80 35.817 80 80 80z\"><\/path><\/svg><\/span><span class=\"gb-headline-text\">Thomas Everlund Jewellery<br>&#8220;Holmg\u00e5ngen&#8221;<br>S\u00f6dra F\u00f6rstadsgatan 23A<br>SE-211 43 Malm\u00f6 <br><br>Thursday &amp; Friday 12- 18. Saturday 12 &#8211; 15. It is also possible to book other times, contact me by phone or email<\/span><\/p>\n\n\n\n<p><\/p>\n\n<\/div><\/div><\/div>\n\n<div class=\"gb-grid-column gb-grid-column-3bac3e60\"><div class=\"gb-container gb-container-3bac3e60\"><div class=\"gb-inside-container\">\n\n<h4 class=\"gb-headline gb-headline-1acc1518 gb-headline-text\">Social media<\/h4>\n\n\n\n<p class=\"gb-headline gb-headline-699ee646\"><span class=\"gb-icon\"><svg aria-hidden=\"true\" role=\"img\" height=\"1em\" width=\"1em\" viewBox=\"0 0 448 512\" xmlns=\"http:\/\/www.w3.org\/2000\/svg\"><path fill=\"currentColor\" d=\"M224.1 141c-63.6 0-114.9 51.3-114.9 114.9s51.3 114.9 114.9 114.9S339 319.5 339 255.9 287.7 141 224.1 141zm0 189.6c-41.1 0-74.7-33.5-74.7-74.7s33.5-74.7 74.7-74.7 74.7 33.5 74.7 74.7-33.6 74.7-74.7 74.7zm146.4-194.3c0 14.9-12 26.8-26.8 26.8-14.9 0-26.8-12-26.8-26.8s12-26.8 26.8-26.8 26.8 12 26.8 26.8zm76.1 27.2c-1.7-35.9-9.9-67.7-36.2-93.9-26.2-26.2-58-34.4-93.9-36.2-37-2.1-147.9-2.1-184.9 0-35.8 1.7-67.6 9.9-93.9 36.1s-34.4 58-36.2 93.9c-2.1 37-2.1 147.9 0 184.9 1.7 35.9 9.9 67.7 36.2 93.9s58 34.4 93.9 36.2c37 2.1 147.9 2.1 184.9 0 35.9-1.7 67.7-9.9 93.9-36.2 26.2-26.2 34.4-58 36.2-93.9 2.1-37 2.1-147.8 0-184.8zM398.8 388c-7.8 19.6-22.9 34.7-42.6 42.6-29.5 11.7-99.5 9-132.1 9s-102.7 2.6-132.1-9c-19.6-7.8-34.7-22.9-42.6-42.6-11.7-29.5-9-99.5-9-132.1s-2.6-102.7 9-132.1c7.8-19.6 22.9-34.7 42.6-42.6 29.5-11.7 99.5-9 132.1-9s102.7-2.6 132.1 9c19.6 7.8 34.7 22.9 42.6 42.6 11.7 29.5 9 99.5 9 132.1s2.7 102.7-9 132.1z\"><\/path><\/svg><\/span><span class=\"gb-headline-text\"><a href=\"https:\/\/www.instagram.com\/thomaseverlund\/\" data-type=\"tel\" data-id=\"tel:+141 234 543\" target=\"_blank\" rel=\"noopener\">Instagram<\/a> <\/span><\/p>\n\n<\/div><\/div><\/div>\n<\/div>\n<\/div><\/div>\n\n<div class=\"gb-container gb-container-aeb925fa\"><div class=\"gb-inside-container\">\n\n<div style=\"height:30px\" aria-hidden=\"true\" class=\"wp-block-spacer\"><\/div>\n\n\n<div class=\"gb-grid-wrapper gb-grid-wrapper-43869e72\">\n<div class=\"gb-grid-column gb-grid-column-906aa0f8\"><div class=\"gb-container gb-container-906aa0f8\"><div class=\"gb-inside-container\">\n\n<div class=\"wp-block-contact-form-7-contact-form-selector\">\n<div class=\"wpcf7 no-js\" id=\"wpcf7-f3056-o1\" lang=\"en-US\" dir=\"ltr\" data-wpcf7-id=\"3056\">\n<div class=\"screen-reader-response\"><p role=\"status\" aria-live=\"polite\" aria-atomic=\"true\"><\/p> <ul><\/ul><\/div>\n<form action=\"\/en\/wp-json\/wp\/v2\/pages\/2415#wpcf7-f3056-o1\" method=\"post\" class=\"wpcf7-form init\" aria-label=\"Contact form\" novalidate=\"novalidate\" data-status=\"init\">\n<fieldset class=\"hidden-fields-container\"><input type=\"hidden\" name=\"_wpcf7\" value=\"3056\" \/><input type=\"hidden\" name=\"_wpcf7_version\" value=\"6.1.3\" \/><input type=\"hidden\" name=\"_wpcf7_locale\" value=\"en_US\" \/><input type=\"hidden\" name=\"_wpcf7_unit_tag\" value=\"wpcf7-f3056-o1\" \/><input type=\"hidden\" name=\"_wpcf7_container_post\" value=\"0\" \/><input type=\"hidden\" name=\"_wpcf7_posted_data_hash\" value=\"\" \/>\n<\/fieldset>\n<div id=\"responsive-form\" class=\"clearfix\">\n\t<div class=\"form-row\">\n\t\t<div class=\"column-half\">\n\t\t\t<p><span class=\"wpcf7-form-control-wrap\" data-name=\"first-name\"><input size=\"40\" maxlength=\"400\" class=\"wpcf7-form-control wpcf7-text wpcf7-validates-as-required\" aria-required=\"true\" aria-invalid=\"false\" placeholder=\"F\u00f6rnamn*\" value=\"\" type=\"text\" name=\"first-name\" \/><\/span>\n\t\t\t<\/p>\n\t\t<\/div>\n\t\t<div class=\"column-half\">\n\t\t\t<p><span class=\"wpcf7-form-control-wrap\" data-name=\"last-name\"><input size=\"40\" maxlength=\"400\" class=\"wpcf7-form-control wpcf7-text wpcf7-validates-as-required\" aria-required=\"true\" aria-invalid=\"false\" placeholder=\"Efternamn*\" value=\"\" type=\"text\" name=\"last-name\" \/><\/span>\n\t\t\t<\/p>\n\t\t<\/div>\n\t<\/div>\n\t<div class=\"form-row\">\n\t\t<div class=\"column-half\">\n\t\t\t<p><span class=\"wpcf7-form-control-wrap\" data-name=\"your-email\"><input size=\"40\" maxlength=\"400\" class=\"wpcf7-form-control wpcf7-email wpcf7-validates-as-required wpcf7-text wpcf7-validates-as-email\" aria-required=\"true\" aria-invalid=\"false\" placeholder=\"E-post*\" value=\"\" type=\"email\" name=\"your-email\" \/><\/span>\n\t\t\t<\/p>\n\t\t<\/div>\n\t\t<div class=\"column-half\">\n\t\t\t<p><span class=\"wpcf7-form-control-wrap\" data-name=\"your-phone\"><input size=\"40\" maxlength=\"400\" class=\"wpcf7-form-control wpcf7-text\" aria-invalid=\"false\" placeholder=\"Telefon\" value=\"\" type=\"text\" name=\"your-phone\" \/><\/span>\n\t\t\t<\/p>\n\t\t<\/div>\n\t<\/div>\n\t<div class=\"form-row\">\n\t\t<div class=\"column-full\">\n\t\t\t<p><span class=\"wpcf7-form-control-wrap\" data-name=\"your-message\"><textarea cols=\"40\" rows=\"10\" maxlength=\"2000\" class=\"wpcf7-form-control wpcf7-textarea\" aria-invalid=\"false\" placeholder=\"Ditt meddelande\" name=\"your-message\"><\/textarea><\/span>\n\t\t\t<\/p>\n\t\t<\/div>\n\t<\/div>\n\t<div class=\"form-row\">\n\t\t<div class=\"column-full\">\n\t\t\t<p><input class=\"wpcf7-form-control wpcf7-submit has-spinner\" type=\"submit\" value=\"skicka\" \/>\n\t\t\t<\/p>\n\t\t<\/div>\n\t<\/div>\n<\/div><!--end responsive-form--><p style=\"display: none !important;\" class=\"akismet-fields-container\" data-prefix=\"_wpcf7_ak_\"><label>&#916;<textarea name=\"_wpcf7_ak_hp_textarea\" cols=\"45\" rows=\"8\" maxlength=\"100\"><\/textarea><\/label><input type=\"hidden\" id=\"ak_js_1\" name=\"_wpcf7_ak_js\" value=\"234\"\/><script>document.getElementById( \"ak_js_1\" ).setAttribute( \"value\", ( new Date() ).getTime() );<\/script><\/p><div class=\"wpcf7-response-output\" aria-hidden=\"true\"><\/div>\n<\/form>\n<\/div>\n<\/div>\n\n<\/div><\/div><\/div>\n\n<div class=\"gb-grid-column gb-grid-column-fcdb197e\"><div class=\"gb-container gb-container-fcdb197e contact-map\"><div class=\"gb-inside-container\">\n\n<iframe src=\"https:\/\/www.google.com\/maps\/embed?pb=!1m18!1m12!1m3!1d2254.2123994398935!2d12.998766651380608!3d55.59831701126814!2m3!1f0!2f0!3f0!3m2!1i1024!2i768!4f13.1!3m3!1m2!1s0x4653a1573e645d83%3A0x46eca219fdb77187!2sS%C3%B6dra%20F%C3%B6rstadsgatan%2023A%2C%20211%2043%20Malm%C3%B6!5e0!3m2!1ssv!2sse!4v1673808725362!5m2!1ssv!2sse\" width=\"100%\" height=\"480\" style=\"border:0;\" allowfullscreen=\"\" loading=\"lazy\" referrerpolicy=\"no-referrer-when-downgrade\"><\/iframe>\n\n<\/div><\/div><\/div>\n<\/div>\n<\/div><\/div>","protected":false},"excerpt":{"rendered":"","protected":false},"author":1,"featured_media":0,"parent":0,"menu_order":0,"comment_status":"closed","ping_status":"closed","template":"","meta":{"_acf_changed":false,"inline_featured_image":false,"footnotes":""},"class_list":["post-2415","page","type-page","status-publish"],"acf":[],"_links":{"self":[{"href":"https:\/\/thomaseverlund.com\/en\/wp-json\/wp\/v2\/pages\/2415","targetHints":{"allow":["GET"]}}],"collection":[{"href":"https:\/\/thomaseverlund.com\/en\/wp-json\/wp\/v2\/pages"}],"about":[{"href":"https:\/\/thomaseverlund.com\/en\/wp-json\/wp\/v2\/types\/page"}],"author":[{"embeddable":true,"href":"https:\/\/thomaseverlund.com\/en\/wp-json\/wp\/v2\/users\/1"}],"replies":[{"embeddable":true,"href":"https:\/\/thomaseverlund.com\/en\/wp-json\/wp\/v2\/comments?post=2415"}],"version-history":[{"count":8,"href":"https:\/\/thomaseverlund.com\/en\/wp-json\/wp\/v2\/pages\/2415\/revisions"}],"predecessor-version":[{"id":3476,"href":"https:\/\/thomaseverlund.com\/en\/wp-json\/wp\/v2\/pages\/2415\/revisions\/3476"}],"wp:attachment":[{"href":"https:\/\/thomaseverlund.com\/en\/wp-json\/wp\/v2\/media?parent=2415"}],"curies":[{"name":"wp","href":"https:\/\/api.w.org\/{rel}","templated":true}]}}