{"id":3309,"date":"2023-05-20T09:58:42","date_gmt":"2023-05-20T07:58:42","guid":{"rendered":"https:\/\/thomaseverlund.com\/en-dag-i-smedjan-fortsattning\/"},"modified":"2023-05-27T08:40:40","modified_gmt":"2023-05-27T06:40:40","slug":"en-dag-i-smedjan-fortsattning","status":"publish","type":"page","link":"https:\/\/thomaseverlund.com\/en\/en-dag-i-smedjan-fortsattning\/","title":{"rendered":"A day in the workshop"},"content":{"rendered":"<div class=\"gb-container gb-container-390eba3d\"><div class=\"gb-inside-container\">\n<div class=\"gb-grid-wrapper gb-grid-wrapper-8dd52d30\">\n<div class=\"gb-grid-column gb-grid-column-51361c10\"><div class=\"gb-container gb-container-51361c10\"><div class=\"gb-inside-container\">\n\n<h2 class=\"gb-headline gb-headline-efa10e8e icon-reversed\"><span class=\"gb-icon\"><svg viewBox=\"0 0 218.28 17.62\" xmlns=\"http:\/\/www.w3.org\/2000\/svg\" data-name=\"Capa 1\"><path d=\"M0 0h217.92v17.62H0z\"><\/path><\/svg><\/span><span class=\"gb-headline-text\"><strong>There is absolutely a punk vein in me<\/strong><\/span><\/h2>\n\n\n\n<p>Text from newspaper article by Hasse Hedstr\u00f6m published in Tid &amp; Smycken<\/p>\n\n\n\n<p>He produces jewelry where he has used and woven in leather straps and small plastic trays. Several of them are inspired by pins from the punk era or even earlier.&nbsp;<\/p>\n\n\n\n<p>&#8220;There&#8217;s definitely a punk vein in my collections. I was also inspired by mod culture when I was young. Back then, badges like this were used \u2013 like this RAF badge:<\/p>\n\n\n\n<p>He shows a pair of lovely mod-inspired cufflinks. Thomas has also designed a ring in the same RAF collection. Silver jewellery dominated by the RAF roundel in blue, white and red.&nbsp;<\/p>\n\n\n\n<p>The badge was picked up from the British aircraft of the Royal Air Force and soon became part of pop and mod culture and was used by artists such as Jasper Jones. Its big breakthrough came through bands like The Who with Pete Townshend and The Jam, who used the symbol extensively. Bands that Thomas also listened to a lot.<\/p>\n\n\n\n<p>Another inspirer for him is The Phantom. He shows the two Phantom rings he designed. The ring with the good mark represents the Phantom&#8217;s protective nature, while the evil mark symbolizes his vengeful side. Together, the good and evil marks of the Phantom show that he is ready to use all his powers to protect the innocent and punish the guilty.&nbsp;<\/p>\n\n\n\n<p>The Phantom was created by American Lee Falk and premiered in American newspapers in 1936 \u2013 before both Superman and Batman. Sweden was one of the countries where the series was most read. At its peak, the Phantom magazines were printed in 180,000 copies.<\/p>\n\n\n\n<p>Imagine if you had been able to carry Thomas&#8217;s skull when you were ten years old! I think. I remember how I often stood and read The Phantom in the local supermarket store when a new newspaper arrived. The ring that Thomas created has many of the qualities that many other Phantom rings lack. Something that makes me want a Phantom Ring today \u2013 and of course the evil ring:<\/p>\n\n\n\n<p>&#8220;I tried to make the ring as similar to the comic book ring as possible,&#8221; says Thomas.<\/p>\n\n\n\n<p>In his designs, he has added much of the quality that was present in the comic book. A slightly rough ring that still also winks a little ironically at the viewer. It has a special twist that puts a previously loyal Phantom reader in a good mood.<\/p>\n\n\n\n<p>&#8220;The Phantom Ring came about through my friends. They had brought plastic junk rings when they bought the newspaper as children. They said that now they wanted real Phantom rings \u2013 and that I should make them in silver.<\/p>\n\n\n\n<p>So about 25 years ago he made his interpretations of The Phantom Rings, the Good and the Evil. Since then, the ring has found its way to many different customers. Phantom carriers do not seem to be a homogeneous group.<\/p>\n\n\n\n<p>&#8220;Some time ago, I received a photo from a customer who had given a Phantom Ring as a very successful 90th birthday present to his father. Another customer recently bought two Phantom rings. She and her husband \u2013 who was locked up at Kumla \u2013 were getting married at the prison.&nbsp;<\/p>\n\n\n\n<p>Jewellery is very much about communication. And can give rise to communication. A Phantom Ring certainly calls for this. At least for those who read Phantom magazines while growing up.<\/p>\n\n\n\n<p>Hur skapande och id\u00e9er till formgivning kommer till kan vara sv\u00e5rt att f\u00f6rklara. Men det \u00e4r inte s\u00e5 att Thomas id\u00e9er till nya former och smycken kommer genom ih\u00e4rdigt ritande i skissblocket.<\/p>\n\n\n\n<p>Rather, Thomas&#8217;s ideas appear suddenly \u2013 as if out of nowhere. He has no idea where they come from, or when they will come.&nbsp;<\/p>\n\n\n\n<p>&#8220;I use the sketchbook very rarely. I sit down at the bench and start working out my idea right away, trying to solve the problems that arise.<\/p>\n\n\n\n<p>Even when he creates more unique jewelry ordered by customers, they cannot expect any sketch that visualizes the jewelry for them.<\/p>\n\n\n\n<p>&#8220;Sometimes I have to show them by first making the ring in silver or wax,&#8221; he says.<\/p>\n\n\n\n<p>It&#8217;s not always the customer and Thomas has the same idea of a piece of jewellery. If there is something that Thomas does not think he can stand for, he tries to redirect the customer&#8217;s idea.<\/p>\n\n\n\n<p>I would assume. I didn&#8217;t really understand what it was, but I tried it out and finally pulled together a square wire. And showed her. We discussed further and in the end I made the rings in gold \u2013 and she was satisfied.<\/p>\n\n\n\n<p>Wouldn&#8217;t it have been easier and faster to draw it?<\/p>\n\n\n\n<p>&#8220;I&#8217;m absolutely crazy at drawing! They wouldn&#8217;t have understood anything if I had drawn,&#8221; Thomas says with a laugh. I think it is better to show them in this direct way what it will look like for real.<\/p>\n\n\n\n<p>He points out that in the end it is often difficult to know exactly what it was that the customer&#8217;s wishes were in the finished ring. That&#8217;s why good communication is so important. The customer may have had a small idea that the blacksmith built on and developed.<\/p>\n\n\n\n<p>Thomas says that he has thought about using CAD software in the future when he creates his products. But he is doubtful about it. Before we can delve into it, a new customer shows up in the store who is interested in an engagement ring.&nbsp;<\/p>\n\n\n\n<p>&#8220;It&#8217;s for my partner, a girl,&#8221; says the customer.<\/p>\n\n\n\n<p>&#8220;Are you thinking of a ring to begin with, a ring to propose with?&#8221; asks Thomas and asks if the customer has any idea.<\/p>\n\n\n\n<p>&#8220;I&#8217;ve been thinking of a solitaire ring. A rather neat ring, as she has long, slender fingers. It must not be too big and blingy. I have imagined a ring with a slightly cool feeling, says the customer.<\/p>\n\n\n\n<p>&#8220;I have an idea. It resembles a ring that I made some time ago. Here you can see a slightly lighter ring, says Thomas and shows an Instagram picture of his mobile to the customer.<\/p>\n\n\n\n<p>&#8220;It&#8217;s very nice, I like the high claws. They are not there just to hold the stone, but they mean something, says the customer enthusiastically.&nbsp;<\/p>\n\n\n\n<p>Thomas shows the shape of the rail and the brilliant 0.20 Carat set in the ring. The customer would like to propose with the real ring. He says he thinks he knows what kind of ring she prefers.<\/p>\n\n\n\n<p>&#8220;It&#8217;s cool to dare to go on that feeling. But I see that you are thinking a little about what it will be like if she would have liked the ring differently \u2013 you can propose with a smooth ring and then come here and design it further, suggests Thomas.<\/p>\n\n\n\n<p>&#8220;It&#8217;s a thought. A safe choice, but at the same time it&#8217;s fun to dare a little, says the customer.<\/p>\n\n\n\n<p>Thomas continues to show pictures of other rings, some with larger diamond stones, but in the color Coffee Brown, stones that cost about half the white.<\/p>\n\n\n\n<p>\u2013 How do you look at lab-grown diamond stones, do they feel less real? wonders the customer.<\/p>\n\n\n\n<p>Thomas explains that it is difficult to say anything about the value going forward and that there is really no resale value for lab-grown diamonds. But the customer emphasizes that this is a stone that his fianc\u00e9e should keep, not sell.<\/p>\n\n\n\n<p>&#8220;That&#8217;s the way it is. But when you do something like this by hand, it feels a bit like wasted money if you put a lab-grown diamond there. But it is still debated. One of my suppliers sells lab-grown diamonds, the other doesn&#8217;t. There are still many question marks, says Thomas.<\/p>\n\n\n\n<p>&#8220;Is it because they last worse?&#8221; asks the customer.<\/p>\n\n\n\n<p>&#8220;No, not at all. In addition to the fact that they have an uncertain value, for me personally it is very much about the feeling.&nbsp;<\/p>\n\n\n\n<p>\u2013Yes, this is a whole new world for me, but where is that first ring you showed me in price? wonders the customer.<\/p>\n\n\n\n<p>\u2013 Yes, what does it land on? Let me think a little quickly, says Thomas and enters a few numbers and tells the price, but that he is happy to calculate an exact price if the customer wants.<\/p>\n\n\n\n<p>The customer wonders what would happen if he instead brought his girlfriend in the process, if she was on the trip.<\/p>\n\n\n\n<p>Thomas thinks that this too can be a good idea.<\/p>\n\n\n\n<p>&#8220;It&#8217;s a fun process in itself. The ring should be customized. If we agree that we are going to make a ring like this, I first put the ring together roughly. Then we meet and from there it is possible to control the execution.<\/p>\n\n\n\n<p>&#8220;It&#8217;s worth thinking about,&#8221; says the customer.<\/p>\n\n\n\n<p>\u2013 Yes, do so, it sounds like you need more time to think about how to do it.<\/p>\n\n\n\n<p>Thomas shows how the customer can find more instagram pictures of rings in similar designs. They come to the conclusion that Thomas should calculate a price for a gold ring with a white stone of 0.3 Carat. The customer wonders if it is possible to get the ring 1.5 mm wide.<\/p>\n\n\n\n<p>&#8220;No, it&#8217;s too narrow. The width is determined by the size of the stone and ring, by the shape and by the mount. The width of a ring like this lands at about 2.5 mm.<\/p>\n\n\n\n<p>The customer tells us that the rings his girlfriend uses today are very narrow. He doesn&#8217;t want the engagement ring to stand out too much against these. He also wonders a little about the durability of different settings. In the end, he seems satisfied.<\/p>\n\n\n\n<p>&#8220;Then we say so,&#8221; concludes Thomas. I&#8217;ll bring out a price that you have next week so you can calmly think about all this.&nbsp;<\/p>\n\n\n\n<p>The customer disappears away and I ask Thomas if he thinks there will be a deal, will the customer come back?<\/p>\n\n\n\n<p>&#8220;Yes, I think so. Got that feeling. But I&#8217;m not entirely sure,&#8221; concludes Thomas.<\/p>\n\n\n\n<p><\/p>\n\n\n\n<p><\/p>\n\n\n<div class=\"gb-button-wrapper gb-button-wrapper-defb038c\">\n\n<a class=\"gb-button gb-button-ca3b35ea\" href=\"https:\/\/thomaseverlund.com\/webbutik\/\"><span class=\"gb-button-text\">Till Webbutiken<\/span><span class=\"gb-icon\"><svg viewBox=\"0 0 247 165\" xmlns=\"http:\/\/www.w3.org\/2000\/svg\" data-name=\"Capa 1\"><path d=\"M33 0H0l66 82-66 83h33l66-83L33 0z\"><\/path><path d=\"M83 0H50l66 82-66 83h33l66-83L83 0z\"><\/path><path d=\"M181 0H99l66 82-66 83h82l66-83-66-82z\"><\/path><\/svg><\/span><\/a>\n\n<\/div>\n<\/div><\/div><\/div>\n\n<div class=\"gb-grid-column gb-grid-column-314fd8e2\"><div class=\"gb-container gb-container-314fd8e2\"><div class=\"gb-inside-container\">\n\n<figure class=\"wp-block-image size-large\"><img loading=\"lazy\" decoding=\"async\" width=\"1024\" height=\"1024\" src=\"https:\/\/thomaseverlund.com\/wp-content\/uploads\/2023\/05\/manchettknappar-1024x1024.jpg\" alt=\"\" class=\"wp-image-3298\" srcset=\"https:\/\/thomaseverlund.com\/wp-content\/uploads\/2023\/05\/manchettknappar-1024x1024.jpg 1024w, https:\/\/thomaseverlund.com\/wp-content\/uploads\/2023\/05\/manchettknappar-300x300.jpg 300w, https:\/\/thomaseverlund.com\/wp-content\/uploads\/2023\/05\/manchettknappar-150x150.jpg 150w, https:\/\/thomaseverlund.com\/wp-content\/uploads\/2023\/05\/manchettknappar-768x768.jpg 768w, https:\/\/thomaseverlund.com\/wp-content\/uploads\/2023\/05\/manchettknappar-600x600.jpg 600w, https:\/\/thomaseverlund.com\/wp-content\/uploads\/2023\/05\/manchettknappar-100x100.jpg 100w, https:\/\/thomaseverlund.com\/wp-content\/uploads\/2023\/05\/manchettknappar.jpg 1440w\" sizes=\"auto, (max-width: 1024px) 100vw, 1024px\" \/><\/figure>\n\n\n\n<p class=\"has-small-font-size\">manschettknappar i sterling silver<\/p>\n\n\n\n<figure class=\"wp-block-image size-large\"><img loading=\"lazy\" decoding=\"async\" width=\"1024\" height=\"1024\" src=\"https:\/\/thomaseverlund.com\/wp-content\/uploads\/2023\/05\/halsband-1024x1024.jpg\" alt=\"\" class=\"wp-image-3301\" srcset=\"https:\/\/thomaseverlund.com\/wp-content\/uploads\/2023\/05\/halsband-1024x1024.jpg 1024w, https:\/\/thomaseverlund.com\/wp-content\/uploads\/2023\/05\/halsband-300x300.jpg 300w, https:\/\/thomaseverlund.com\/wp-content\/uploads\/2023\/05\/halsband-150x150.jpg 150w, https:\/\/thomaseverlund.com\/wp-content\/uploads\/2023\/05\/halsband-768x768.jpg 768w, https:\/\/thomaseverlund.com\/wp-content\/uploads\/2023\/05\/halsband-600x600.jpg 600w, https:\/\/thomaseverlund.com\/wp-content\/uploads\/2023\/05\/halsband-100x100.jpg 100w, https:\/\/thomaseverlund.com\/wp-content\/uploads\/2023\/05\/halsband.jpg 1440w\" sizes=\"auto, (max-width: 1024px) 100vw, 1024px\" \/><\/figure>\n\n\n\n<p class=\"has-small-font-size\"><em>Halsband med r\u00f6d eller svart medaljong<\/em><\/p>\n\n\n\n<figure class=\"wp-block-image size-large\"><img loading=\"lazy\" decoding=\"async\" width=\"683\" height=\"1024\" src=\"https:\/\/thomaseverlund.com\/wp-content\/uploads\/2023\/05\/ljusstake-silver-683x1024.jpg\" alt=\"\" class=\"wp-image-3303\" srcset=\"https:\/\/thomaseverlund.com\/wp-content\/uploads\/2023\/05\/ljusstake-silver-683x1024.jpg 683w, https:\/\/thomaseverlund.com\/wp-content\/uploads\/2023\/05\/ljusstake-silver-200x300.jpg 200w, https:\/\/thomaseverlund.com\/wp-content\/uploads\/2023\/05\/ljusstake-silver-768x1152.jpg 768w, https:\/\/thomaseverlund.com\/wp-content\/uploads\/2023\/05\/ljusstake-silver-1024x1536.jpg 1024w, https:\/\/thomaseverlund.com\/wp-content\/uploads\/2023\/05\/ljusstake-silver-1365x2048.jpg 1365w, https:\/\/thomaseverlund.com\/wp-content\/uploads\/2023\/05\/ljusstake-silver-600x900.jpg 600w, https:\/\/thomaseverlund.com\/wp-content\/uploads\/2023\/05\/ljusstake-silver.jpg 1440w\" sizes=\"auto, (max-width: 683px) 100vw, 683px\" \/><\/figure>\n\n\n\n<p class=\"has-small-font-size\"><em>Ljusstakar i silver<\/em><\/p>\n\n\n\n<figure class=\"wp-block-image size-large\"><img loading=\"lazy\" decoding=\"async\" width=\"1024\" height=\"1024\" src=\"https:\/\/thomaseverlund.com\/wp-content\/uploads\/2023\/05\/ring-i-silver-1024x1024.jpg\" alt=\"\" class=\"wp-image-3305\" srcset=\"https:\/\/thomaseverlund.com\/wp-content\/uploads\/2023\/05\/ring-i-silver-1024x1024.jpg 1024w, https:\/\/thomaseverlund.com\/wp-content\/uploads\/2023\/05\/ring-i-silver-300x300.jpg 300w, https:\/\/thomaseverlund.com\/wp-content\/uploads\/2023\/05\/ring-i-silver-150x150.jpg 150w, https:\/\/thomaseverlund.com\/wp-content\/uploads\/2023\/05\/ring-i-silver-768x768.jpg 768w, https:\/\/thomaseverlund.com\/wp-content\/uploads\/2023\/05\/ring-i-silver-600x600.jpg 600w, https:\/\/thomaseverlund.com\/wp-content\/uploads\/2023\/05\/ring-i-silver-100x100.jpg 100w, https:\/\/thomaseverlund.com\/wp-content\/uploads\/2023\/05\/ring-i-silver.jpg 1440w\" sizes=\"auto, (max-width: 1024px) 100vw, 1024px\" \/><\/figure>\n\n\n\n<p class=\"has-small-font-size\"><em>Ring  av silver<\/em><\/p>\n\n\n\n<figure class=\"wp-block-image size-large\"><img loading=\"lazy\" decoding=\"async\" width=\"1024\" height=\"1024\" src=\"https:\/\/thomaseverlund.com\/wp-content\/uploads\/2023\/05\/silver-ring-1024x1024.jpg\" alt=\"Silverringar\" class=\"wp-image-3330\" srcset=\"https:\/\/thomaseverlund.com\/wp-content\/uploads\/2023\/05\/silver-ring-1024x1024.jpg 1024w, https:\/\/thomaseverlund.com\/wp-content\/uploads\/2023\/05\/silver-ring-300x300.jpg 300w, https:\/\/thomaseverlund.com\/wp-content\/uploads\/2023\/05\/silver-ring-150x150.jpg 150w, https:\/\/thomaseverlund.com\/wp-content\/uploads\/2023\/05\/silver-ring-768x768.jpg 768w, https:\/\/thomaseverlund.com\/wp-content\/uploads\/2023\/05\/silver-ring-600x600.jpg 600w, https:\/\/thomaseverlund.com\/wp-content\/uploads\/2023\/05\/silver-ring-100x100.jpg 100w, https:\/\/thomaseverlund.com\/wp-content\/uploads\/2023\/05\/silver-ring.jpg 1440w\" sizes=\"auto, (max-width: 1024px) 100vw, 1024px\" \/><\/figure>\n\n\n\n<p class=\"has-small-font-size\"><em>Silver rings<\/em><\/p>\n\n\n\n<figure class=\"wp-block-image size-large\"><img loading=\"lazy\" decoding=\"async\" width=\"1024\" height=\"1024\" src=\"https:\/\/thomaseverlund.com\/wp-content\/uploads\/2023\/05\/manschetter-1024x1024.jpg\" alt=\"Manschetter\" class=\"wp-image-3332\" srcset=\"https:\/\/thomaseverlund.com\/wp-content\/uploads\/2023\/05\/manschetter-1024x1024.jpg 1024w, https:\/\/thomaseverlund.com\/wp-content\/uploads\/2023\/05\/manschetter-300x300.jpg 300w, https:\/\/thomaseverlund.com\/wp-content\/uploads\/2023\/05\/manschetter-150x150.jpg 150w, https:\/\/thomaseverlund.com\/wp-content\/uploads\/2023\/05\/manschetter-768x768.jpg 768w, https:\/\/thomaseverlund.com\/wp-content\/uploads\/2023\/05\/manschetter-600x600.jpg 600w, https:\/\/thomaseverlund.com\/wp-content\/uploads\/2023\/05\/manschetter-100x100.jpg 100w, https:\/\/thomaseverlund.com\/wp-content\/uploads\/2023\/05\/manschetter.jpg 1440w\" sizes=\"auto, (max-width: 1024px) 100vw, 1024px\" \/><\/figure>\n\n\n\n<p class=\"has-small-font-size\"><em>Cuff button<\/em><\/p>\n\n\n\n<figure class=\"wp-block-image size-large\"><img loading=\"lazy\" decoding=\"async\" width=\"1024\" height=\"1024\" src=\"https:\/\/thomaseverlund.com\/wp-content\/uploads\/2023\/05\/klackring-guld-1024x1024.jpg\" alt=\"Heel ring in gold\" class=\"wp-image-3334\" srcset=\"https:\/\/thomaseverlund.com\/wp-content\/uploads\/2023\/05\/klackring-guld-1024x1024.jpg 1024w, https:\/\/thomaseverlund.com\/wp-content\/uploads\/2023\/05\/klackring-guld-300x300.jpg 300w, https:\/\/thomaseverlund.com\/wp-content\/uploads\/2023\/05\/klackring-guld-150x150.jpg 150w, https:\/\/thomaseverlund.com\/wp-content\/uploads\/2023\/05\/klackring-guld-768x768.jpg 768w, https:\/\/thomaseverlund.com\/wp-content\/uploads\/2023\/05\/klackring-guld-600x600.jpg 600w, https:\/\/thomaseverlund.com\/wp-content\/uploads\/2023\/05\/klackring-guld-100x100.jpg 100w, https:\/\/thomaseverlund.com\/wp-content\/uploads\/2023\/05\/klackring-guld.jpg 1440w\" sizes=\"auto, (max-width: 1024px) 100vw, 1024px\" \/><\/figure>\n\n\n\n<p class=\"has-small-font-size\"><em>Heel ring in gold<\/em><\/p>\n\n\n\n<figure class=\"wp-block-image size-large\"><img loading=\"lazy\" decoding=\"async\" width=\"1024\" height=\"905\" src=\"https:\/\/thomaseverlund.com\/wp-content\/uploads\/2023\/05\/klackring-1-1024x905.jpg\" alt=\"Heel ring\" class=\"wp-image-3338\" srcset=\"https:\/\/thomaseverlund.com\/wp-content\/uploads\/2023\/05\/klackring-1-1024x905.jpg 1024w, https:\/\/thomaseverlund.com\/wp-content\/uploads\/2023\/05\/klackring-1-300x265.jpg 300w, https:\/\/thomaseverlund.com\/wp-content\/uploads\/2023\/05\/klackring-1-768x679.jpg 768w, https:\/\/thomaseverlund.com\/wp-content\/uploads\/2023\/05\/klackring-1-600x530.jpg 600w, https:\/\/thomaseverlund.com\/wp-content\/uploads\/2023\/05\/klackring-1.jpg 1440w\" sizes=\"auto, (max-width: 1024px) 100vw, 1024px\" \/><\/figure>\n\n\n\n<p class=\"has-small-font-size\"><em>Heel ring silver<\/em><\/p>\n\n\n\n<figure class=\"wp-block-image size-large\"><img loading=\"lazy\" decoding=\"async\" width=\"1024\" height=\"768\" src=\"https:\/\/thomaseverlund.com\/wp-content\/uploads\/2023\/05\/jytte-och-louise-1024x768.jpg\" alt=\"\" class=\"wp-image-3344\" srcset=\"https:\/\/thomaseverlund.com\/wp-content\/uploads\/2023\/05\/jytte-och-louise-1024x768.jpg 1024w, https:\/\/thomaseverlund.com\/wp-content\/uploads\/2023\/05\/jytte-och-louise-300x225.jpg 300w, https:\/\/thomaseverlund.com\/wp-content\/uploads\/2023\/05\/jytte-och-louise-768x576.jpg 768w, https:\/\/thomaseverlund.com\/wp-content\/uploads\/2023\/05\/jytte-och-louise-600x450.jpg 600w, https:\/\/thomaseverlund.com\/wp-content\/uploads\/2023\/05\/jytte-och-louise.jpg 1440w\" sizes=\"auto, (max-width: 1024px) 100vw, 1024px\" \/><\/figure>\n\n\n\n<p class=\"has-small-font-size\"><em>Jytte &amp; Louise<\/em><\/p>\n\n<\/div><\/div><\/div>\n<\/div>\n<\/div><\/div>\n\n<div class=\"gb-container gb-container-0200bca2\"><div class=\"gb-inside-container\">\n<div class=\"gb-grid-wrapper gb-grid-wrapper-87f825d4\">\n<div class=\"gb-grid-column gb-grid-column-82db11ce\"><div class=\"gb-container gb-container-82db11ce\"><div class=\"gb-inside-container\">\n\n<p>Varmt v\u00e4lkommen!<strong><\/strong><\/p>\n\n\n\n<div class=\"wp-block-columns is-layout-flex wp-container-core-columns-is-layout-9d6595d7 wp-block-columns-is-layout-flex\">\n<div class=\"wp-block-column is-layout-flow wp-block-column-is-layout-flow\">\n<p class=\"gb-headline gb-headline-fe6a4869\"><span class=\"gb-icon\"><svg xmlns=\"http:\/\/www.w3.org\/2000\/svg\" fill=\"none\" height=\"15\" width=\"15\"><path fill=\"currentColor\" d=\"M7.5.877a6.623 6.623 0 1 0 0 13.246A6.623 6.623 0 0 0 7.5.877ZM1.827 7.5a5.673 5.673 0 1 1 11.346 0 5.673 5.673 0 0 1-11.346 0Zm8.332-1.962a.5.5 0 0 0-.818-.576L6.52 8.972 5.357 7.787a.5.5 0 0 0-.714.7L6.227 10.1a.5.5 0 0 0 .765-.062l3.167-4.5Z\" clip-rule=\"evenodd\" fill-rule=\"evenodd\"><\/path><\/svg><\/span><span class=\"gb-headline-text\">Smyckeskollektioner<\/span><\/p>\n\n\n\n<p class=\"gb-headline gb-headline-c7ee6f62\"><span class=\"gb-icon\"><svg xmlns=\"http:\/\/www.w3.org\/2000\/svg\" fill=\"none\" height=\"15\" width=\"15\"><path fill=\"currentColor\" d=\"M7.5.877a6.623 6.623 0 1 0 0 13.246A6.623 6.623 0 0 0 7.5.877ZM1.827 7.5a5.673 5.673 0 1 1 11.346 0 5.673 5.673 0 0 1-11.346 0Zm8.332-1.962a.5.5 0 0 0-.818-.576L6.52 8.972 5.357 7.787a.5.5 0 0 0-.714.7L6.227 10.1a.5.5 0 0 0 .765-.062l3.167-4.5Z\" clip-rule=\"evenodd\" fill-rule=\"evenodd\"><\/path><\/svg><\/span><span class=\"gb-headline-text\">Designa ditt eget smycke<\/span><\/p>\n\n\n\n<p class=\"gb-headline gb-headline-e01403df\"><span class=\"gb-icon\"><svg xmlns=\"http:\/\/www.w3.org\/2000\/svg\" fill=\"none\" height=\"15\" width=\"15\"><path fill=\"currentColor\" d=\"M7.5.877a6.623 6.623 0 1 0 0 13.246A6.623 6.623 0 0 0 7.5.877ZM1.827 7.5a5.673 5.673 0 1 1 11.346 0 5.673 5.673 0 0 1-11.346 0Zm8.332-1.962a.5.5 0 0 0-.818-.576L6.52 8.972 5.357 7.787a.5.5 0 0 0-.714.7L6.227 10.1a.5.5 0 0 0 .765-.062l3.167-4.5Z\" clip-rule=\"evenodd\" fill-rule=\"evenodd\"><\/path><\/svg><\/span><span class=\"gb-headline-text\">Kvalitetsreparationer<\/span><\/p>\n<\/div>\n\n\n\n<div class=\"wp-block-column is-layout-flow wp-block-column-is-layout-flow\"><\/div>\n<\/div>\n\n\n\n<div class=\"wp-block-columns is-layout-flex wp-container-core-columns-is-layout-9d6595d7 wp-block-columns-is-layout-flex\">\n<div class=\"wp-block-column is-layout-flow wp-block-column-is-layout-flow\" style=\"flex-basis:100px\">\n<figure class=\"wp-block-image size-full is-resized\"><img loading=\"lazy\" decoding=\"async\" src=\"https:\/\/thomaseverlund.com\/wp-content\/uploads\/2023\/01\/khvc.png\" alt=\"KHVC\" class=\"wp-image-1240\" width=\"100\" height=\"85\" srcset=\"https:\/\/thomaseverlund.com\/wp-content\/uploads\/2023\/01\/khvc.png 499w, https:\/\/thomaseverlund.com\/wp-content\/uploads\/2023\/01\/khvc-300x255.png 300w\" sizes=\"auto, (max-width: 100px) 100vw, 100px\" \/><\/figure>\n<\/div>\n\n\n\n<div class=\"wp-block-column is-layout-flow wp-block-column-is-layout-flow\">\n<figure class=\"wp-block-image size-full is-resized\"><img loading=\"lazy\" decoding=\"async\" src=\"https:\/\/thomaseverlund.com\/wp-content\/uploads\/2023\/01\/guldsmedsmastarna-ogotype.png\" alt=\"Sveriges Guldsmedsm\u00e4stares Riksf\u00f6rbund\" class=\"wp-image-1134\" width=\"186\" height=\"90\" srcset=\"https:\/\/thomaseverlund.com\/wp-content\/uploads\/2023\/01\/guldsmedsmastarna-ogotype.png 428w, https:\/\/thomaseverlund.com\/wp-content\/uploads\/2023\/01\/guldsmedsmastarna-ogotype-300x145.png 300w\" sizes=\"auto, (max-width: 186px) 100vw, 186px\" \/><\/figure>\n<\/div>\n<\/div>\n\n<\/div><\/div><\/div>\n\n<div class=\"gb-grid-column gb-grid-column-7d7aba4f\"><div class=\"gb-container gb-container-7d7aba4f\"><div class=\"gb-inside-container\"><\/div><\/div><\/div>\n<\/div>\n<\/div><\/div>","protected":false},"excerpt":{"rendered":"","protected":false},"author":1,"featured_media":0,"parent":0,"menu_order":0,"comment_status":"closed","ping_status":"closed","template":"","meta":{"_acf_changed":false,"inline_featured_image":false,"footnotes":""},"class_list":["post-3309","page","type-page","status-publish"],"acf":[],"_links":{"self":[{"href":"https:\/\/thomaseverlund.com\/en\/wp-json\/wp\/v2\/pages\/3309","targetHints":{"allow":["GET"]}}],"collection":[{"href":"https:\/\/thomaseverlund.com\/en\/wp-json\/wp\/v2\/pages"}],"about":[{"href":"https:\/\/thomaseverlund.com\/en\/wp-json\/wp\/v2\/types\/page"}],"author":[{"embeddable":true,"href":"https:\/\/thomaseverlund.com\/en\/wp-json\/wp\/v2\/users\/1"}],"replies":[{"embeddable":true,"href":"https:\/\/thomaseverlund.com\/en\/wp-json\/wp\/v2\/comments?post=3309"}],"version-history":[{"count":4,"href":"https:\/\/thomaseverlund.com\/en\/wp-json\/wp\/v2\/pages\/3309\/revisions"}],"predecessor-version":[{"id":3347,"href":"https:\/\/thomaseverlund.com\/en\/wp-json\/wp\/v2\/pages\/3309\/revisions\/3347"}],"wp:attachment":[{"href":"https:\/\/thomaseverlund.com\/en\/wp-json\/wp\/v2\/media?parent=3309"}],"curies":[{"name":"wp","href":"https:\/\/api.w.org\/{rel}","templated":true}]}}